{"id":109,"date":"2021-03-04T10:19:14","date_gmt":"2021-03-04T09:19:14","guid":{"rendered":"http:\/\/weppessophrologie.fr\/?page_id=109"},"modified":"2022-02-26T15:40:38","modified_gmt":"2022-02-26T14:40:38","slug":"qui-suis-je","status":"publish","type":"page","link":"https:\/\/weppessophrologie.fr\/index.php\/qui-suis-je\/","title":{"rendered":"Qui suis-je?"},"content":{"rendered":"<p>[et_pb_section fb_built=\u00a0\u00bb1&Prime; _builder_version=\u00a0\u00bb3.3.1&Prime; custom_padding=\u00a0\u00bb10px|0px|20px|0px|false|false\u00a0\u00bb][et_pb_row custom_padding=\u00a0\u00bb10px|0px|13px|0px|false|false\u00a0\u00bb _builder_version=\u00a0\u00bb3.3.1&Prime;][et_pb_column type=\u00a0\u00bb4_4&Prime; _builder_version=\u00a0\u00bb3.3.1&Prime; parallax=\u00a0\u00bboff\u00a0\u00bb parallax_method=\u00a0\u00bbon\u00a0\u00bb][et_pb_image src=\u00a0\u00bbhttps:\/\/weppessophrologie.fr\/wp-content\/uploads\/2021\/03\/Tarifs.jpg\u00a0\u00bb _builder_version=\u00a0\u00bb3.3.1&Prime;][\/et_pb_image][\/et_pb_column][\/et_pb_row][et_pb_row custom_padding=\u00a0\u00bb26px|0px|31px|0px|false|false\u00a0\u00bb _builder_version=\u00a0\u00bb3.3.1&Prime;][et_pb_column type=\u00a0\u00bb4_4&Prime; _builder_version=\u00a0\u00bb3.3.1&Prime; parallax=\u00a0\u00bboff\u00a0\u00bb parallax_method=\u00a0\u00bbon\u00a0\u00bb][et_pb_text _builder_version=\u00a0\u00bb3.3.1&Prime;]<\/p>\n<h1>Qui suis &#8211; je ?<\/h1>\n<p>[\/et_pb_text][\/et_pb_column][\/et_pb_row][et_pb_row custom_padding=\u00a0\u00bb0|0px|0|0px|false|false\u00a0\u00bb _builder_version=\u00a0\u00bb3.3.1&Prime;][et_pb_column type=\u00a0\u00bb1_3&Prime; _builder_version=\u00a0\u00bb3.3.1&Prime; parallax=\u00a0\u00bboff\u00a0\u00bb parallax_method=\u00a0\u00bbon\u00a0\u00bb][et_pb_image src=\u00a0\u00bbhttps:\/\/weppessophrologie.fr\/wp-content\/uploads\/2021\/03\/Portrait-scaled.jpg\u00a0\u00bb align=\u00a0\u00bbcenter\u00a0\u00bb _builder_version=\u00a0\u00bb3.3.1&Prime; max_width=\u00a0\u00bb91%\u00a0\u00bb custom_padding=\u00a0\u00bb|32px||\u00a0\u00bb][\/et_pb_image][\/et_pb_column][et_pb_column type=\u00a0\u00bb2_3&Prime; _builder_version=\u00a0\u00bb3.3.1&Prime; parallax=\u00a0\u00bboff\u00a0\u00bb parallax_method=\u00a0\u00bbon\u00a0\u00bb][et_pb_text disabled_on=\u00a0\u00bboff|off|off\u00a0\u00bb _builder_version=\u00a0\u00bb3.3.1&Prime; header_font=\u00a0\u00bb||||||||\u00a0\u00bb header_2_font=\u00a0\u00bb||||||||\u00a0\u00bb header_2_font_size=\u00a0\u00bb20px\u00a0\u00bb header_3_font=\u00a0\u00bb||||on||||\u00a0\u00bb header_3_text_color=\u00a0\u00bb#6a543f\u00a0\u00bb header_3_font_size=\u00a0\u00bb21px\u00a0\u00bb custom_padding=\u00a0\u00bb15px|0px|15px|0px\u00a0\u00bb]<\/p>\n<h3 style=\"text-align: justify;\"><strong>MON PARCOURS<\/strong><\/h3>\n<p style=\"text-align: justify;\">Fin 2004, je suis dipl\u00f4m\u00e9e infirmi\u00e8re d\u2019\u00e9tat. J\u2019ai toujours aim\u00e9 \u00eatre \u00e0 l\u2019\u00e9coute, prendre soin, aider, accompagner\u2026<\/p>\n<p style=\"text-align: justify;\">Jeune dipl\u00f4m\u00e9e, j\u2019ai travaill\u00e9 en maison de retraite puis en service hospitalier (service d\u2019addictologie) durant 7 ans. Ensuite, j\u2019ai int\u00e9gr\u00e9 le d\u00e9partement du Nord en 2012 dans un service de pr\u00e9vention sant\u00e9 o\u00f9 mon r\u00f4le, en collaboration avec l\u2019assistante sociale, \u00e9tait entre autres d\u2019accompagner les personnes vivant en pr\u00e9carit\u00e9 dans leurs d\u00e9marches de sant\u00e9.<\/p>\n<p style=\"text-align: justify;\">J\u2019ai toujours trouv\u00e9 du sens \u00e0 mon m\u00e9tier et j\u2019y retrouvais toutes mes valeurs. En effet, l\u2019infirmi\u00e8re n\u2019est pas qu\u2019une \u00ab technicienne \u00bb (injections, prises de sang, pansements\u2026), c\u2019est aussi quelqu\u2019un de bienveillant, \u00e0 l\u2019\u00e9coute des besoins de l\u2019autre, quelqu\u2019un qui rassure, qui oriente et qui prend aussi en charge les douleurs psychiques.<\/p>\n<p>[\/et_pb_text][\/et_pb_column][\/et_pb_row][et_pb_row custom_padding=\u00a0\u00bb4px|0px|19px|0px|false|false\u00a0\u00bb _builder_version=\u00a0\u00bb3.3.1&Prime;][et_pb_column type=\u00a0\u00bb4_4&Prime; _builder_version=\u00a0\u00bb3.3.1&Prime; parallax=\u00a0\u00bboff\u00a0\u00bb parallax_method=\u00a0\u00bbon\u00a0\u00bb][et_pb_text _builder_version=\u00a0\u00bb3.3.1&Prime; header_font=\u00a0\u00bb||||||||\u00a0\u00bb header_3_font=\u00a0\u00bb||||on||||\u00a0\u00bb header_3_text_color=\u00a0\u00bb#6a543f\u00a0\u00bb header_3_font_size=\u00a0\u00bb21px\u00a0\u00bb]<\/p>\n<h3 style=\"text-align: justify;\"><span style=\"text-decoration: underline;\"><strong><br \/> BESOIN D\u2019UN MIEUX- ETRE<\/strong><\/span><\/h3>\n<p style=\"text-align: justify;\">Au cours de ces 15 ann\u00e9es dans mon parcours professionnel, j\u2019ai rencontr\u00e9 des chemins de vie particuli\u00e8rement bouleversants, inqui\u00e9tants mais aussi engageants. J\u2019ai v\u00e9cu des moments de partage, de joie, de reconnaissance mais aussi des moments stressants, des situations difficiles.<\/p>\n<p style=\"text-align: justify;\">Me poser, revenir \u00e0 moi, retrouver un \u00e9quilibre \u00e9taient alors n\u00e9cessaire.<br \/> La sophrologie s\u2019est impos\u00e9e \u00e0 moi. D\u00e9couverte il y plusieurs ann\u00e9es dans le service o\u00f9 je travaillais, j\u2019ai voulu approfondir mes connaissances sur la m\u00e9thode, je l\u2019ai test\u00e9e et j\u2019ai \u00e9t\u00e9 particuli\u00e8rement int\u00e9ress\u00e9e par la dimension d\u2019autonomie et de libert\u00e9 qu\u2019elle propose.<\/p>\n<p style=\"text-align: justify;\"><strong><\/strong><\/p>\n<h3 style=\"text-align: justify;\"><strong>NOUVEAU REGARD<\/strong><\/h3>\n<p style=\"text-align: justify;\">La sophrologie a \u00e9t\u00e9 pour moi la cl\u00e9 pour porter un nouveau regard sur ma vie professionnelle, pour vivre mon existence telle que je l\u2019entends, en harmonie avec mes valeurs personnelles et surtout en \u00e9tant acteur et sujet de ma vie.<\/p>\n<p style=\"text-align: justify;\">La sophrologie fait alors partie de NOUS\u2026 Mon mari, mes 3 enfants cheminent avec moi dans cette nouvelle aventure.<\/p>\n<p style=\"text-align: justify;\">Accueillir nos journ\u00e9es plus sereinement, prendre le temps d\u2019appr\u00e9cier et de partager les moments simples que nous offre la vie, \u00eatre \u00e0 l\u2019\u00e9coute de soi-m\u00eame et des autres vont alors davantage faire partie de nos priorit\u00e9s.<\/p>\n<p style=\"text-align: justify;\"><strong><\/strong><\/p>\n<h3 style=\"text-align: justify;\"><strong>LE PARTAGE<\/strong><\/h3>\n<p style=\"text-align: justify;\">En 2015, port\u00e9e par un choix de vie familial, je d\u00e9bute la formation \u00e0 l\u2019\u00e9cole de sophrologie Cayc\u00e9dienne de Lille (cycle 1) suivie de l\u2019apprentissage des 2 autres cycles de la m\u00e9thode \u00e0 l\u2019acad\u00e9mie internationale de sophrologie Cayc\u00e9dienne.<\/p>\n<p style=\"text-align: justify;\">Il \u00e9tait important et \u00e9vident de me former s\u00e9rieusement et d\u2019avoir la garantie d\u2019une formation de qualit\u00e9, authentique \u00e0 la m\u00e9thode telle qu\u2019elle a \u00e9t\u00e9 cr\u00e9\u00e9e par le Pr Alfonso Caycedo et telle qu\u2019elle est adapt\u00e9e aujourd\u2019hui par le Dr Natalia Caycedo, fille du fondateur.<\/p>\n<p style=\"text-align: justify;\">La m\u00e9thode, je l\u2019ai v\u00e9cue d\u2019abord pour moi. Puis, au fur et \u00e0 mesure, j\u2019ai trouv\u00e9 primordial de la partager et de la faire d\u00e9couvrir.<\/p>\n<p style=\"text-align: justify;\"><strong><\/strong><\/p>\n<h3 style=\"text-align: justify;\"><strong>VIVRE L\u2019AVENTURE<\/strong><\/h3>\n<p style=\"text-align: justify;\">En d\u00e9cembre 2019, apr\u00e8s plus de 3 ans de formation, j\u2019obtiens le dipl\u00f4me master sp\u00e9cialiste en sophrologie Cayc\u00e9dienne (dipl\u00f4me prot\u00e9g\u00e9 au niveau international et d\u00e9livr\u00e9 par la fondation Alfonso Caycedo).<\/p>\n<p style=\"text-align: justify;\">Aujourd\u2019hui, je me consacre pleinement \u00e0 la sophrologie et pour que vous puissiez vivre cette belle aventure, je vous propose de vous accompagner en toute simplicit\u00e9, avec bienveillance et en respectant votre rythme et vos besoins.<\/p>\n<p>[\/et_pb_text][\/et_pb_column][\/et_pb_row][\/et_pb_section][et_pb_section fb_built=\u00a0\u00bb1&Prime; _builder_version=\u00a0\u00bb3.3.1&Prime; background_color=\u00a0\u00bb#b0b9a8&Prime; custom_padding=\u00a0\u00bb0|0px|0|0px|false|false\u00a0\u00bb][et_pb_row custom_padding=\u00a0\u00bb2px|0px|0|0px|false|false\u00a0\u00bb _builder_version=\u00a0\u00bb3.3.1&Prime;][et_pb_column type=\u00a0\u00bb4_4&Prime; _builder_version=\u00a0\u00bb3.3.1&Prime; parallax=\u00a0\u00bboff\u00a0\u00bb parallax_method=\u00a0\u00bbon\u00a0\u00bb][et_pb_image src=\u00a0\u00bbhttps:\/\/weppessophrologie.fr\/wp-content\/uploads\/2022\/01\/Gabarit-Bandeau-Contact3-Petit.gif\u00a0\u00bb url=\u00a0\u00bbhttps:\/\/weppessophrologie.fr\/index.php\/contacts\/\u00a0\u00bb _builder_version=\u00a0\u00bb3.3.1&Prime; max_width=\u00a0\u00bb40%\u00a0\u00bb][\/et_pb_image][\/et_pb_column][\/et_pb_row][\/et_pb_section]<\/p>\n","protected":false},"excerpt":{"rendered":"<p>[et_pb_section fb_built=\u00a0\u00bb1&Prime; _builder_version=\u00a0\u00bb3.3.1&Prime; custom_padding=\u00a0\u00bb10px|0px|20px|0px|false|false\u00a0\u00bb][et_pb_row custom_padding=\u00a0\u00bb10px|0px|13px|0px|false|false\u00a0\u00bb _builder_version=\u00a0\u00bb3.3.1&Prime;][et_pb_column type=\u00a0\u00bb4_4&Prime; _builder_version=\u00a0\u00bb3.3.1&Prime; parallax=\u00a0\u00bboff\u00a0\u00bb parallax_method=\u00a0\u00bbon\u00a0\u00bb][et_pb_image src=\u00a0\u00bbhttps:\/\/weppessophrologie.fr\/wp-content\/uploads\/2021\/03\/Tarifs.jpg\u00a0\u00bb _builder_version=\u00a0\u00bb3.3.1&Prime;][\/et_pb_image][\/et_pb_column][\/et_pb_row][et_pb_row custom_padding=\u00a0\u00bb26px|0px|31px|0px|false|false\u00a0\u00bb _builder_version=\u00a0\u00bb3.3.1&Prime;][et_pb_column type=\u00a0\u00bb4_4&Prime; _builder_version=\u00a0\u00bb3.3.1&Prime; parallax=\u00a0\u00bboff\u00a0\u00bb parallax_method=\u00a0\u00bbon\u00a0\u00bb][et_pb_text _builder_version=\u00a0\u00bb3.3.1&Prime;] Qui suis &#8211; je ? [\/et_pb_text][\/et_pb_column][\/et_pb_row][et_pb_row custom_padding=\u00a0\u00bb0|0px|0|0px|false|false\u00a0\u00bb _builder_version=\u00a0\u00bb3.3.1&Prime;][et_pb_column type=\u00a0\u00bb1_3&Prime; _builder_version=\u00a0\u00bb3.3.1&Prime; parallax=\u00a0\u00bboff\u00a0\u00bb parallax_method=\u00a0\u00bbon\u00a0\u00bb][et_pb_image src=\u00a0\u00bbhttps:\/\/weppessophrologie.fr\/wp-content\/uploads\/2021\/03\/Portrait-scaled.jpg\u00a0\u00bb align=\u00a0\u00bbcenter\u00a0\u00bb _builder_version=\u00a0\u00bb3.3.1&Prime; max_width=\u00a0\u00bb91%\u00a0\u00bb custom_padding=\u00a0\u00bb|32px||\u00a0\u00bb][\/et_pb_image][\/et_pb_column][et_pb_column type=\u00a0\u00bb2_3&Prime; _builder_version=\u00a0\u00bb3.3.1&Prime; parallax=\u00a0\u00bboff\u00a0\u00bb parallax_method=\u00a0\u00bbon\u00a0\u00bb][et_pb_text disabled_on=\u00a0\u00bboff|off|off\u00a0\u00bb _builder_version=\u00a0\u00bb3.3.1&Prime; header_font=\u00a0\u00bb||||||||\u00a0\u00bb header_2_font=\u00a0\u00bb||||||||\u00a0\u00bb header_2_font_size=\u00a0\u00bb20px\u00a0\u00bb header_3_font=\u00a0\u00bb||||on||||\u00a0\u00bb header_3_text_color=\u00a0\u00bb#6a543f\u00a0\u00bb header_3_font_size=\u00a0\u00bb21px\u00a0\u00bb custom_padding=\u00a0\u00bb15px|0px|15px|0px\u00a0\u00bb] MON PARCOURS Fin 2004, je suis [&hellip;]<\/p>\n","protected":false},"author":1,"featured_media":0,"parent":0,"menu_order":0,"comment_status":"closed","ping_status":"closed","template":"","meta":{"footnotes":""},"_links":{"self":[{"href":"https:\/\/weppessophrologie.fr\/index.php\/wp-json\/wp\/v2\/pages\/109"}],"collection":[{"href":"https:\/\/weppessophrologie.fr\/index.php\/wp-json\/wp\/v2\/pages"}],"about":[{"href":"https:\/\/weppessophrologie.fr\/index.php\/wp-json\/wp\/v2\/types\/page"}],"author":[{"embeddable":true,"href":"https:\/\/weppessophrologie.fr\/index.php\/wp-json\/wp\/v2\/users\/1"}],"replies":[{"embeddable":true,"href":"https:\/\/weppessophrologie.fr\/index.php\/wp-json\/wp\/v2\/comments?post=109"}],"version-history":[{"count":17,"href":"https:\/\/weppessophrologie.fr\/index.php\/wp-json\/wp\/v2\/pages\/109\/revisions"}],"predecessor-version":[{"id":702,"href":"https:\/\/weppessophrologie.fr\/index.php\/wp-json\/wp\/v2\/pages\/109\/revisions\/702"}],"wp:attachment":[{"href":"https:\/\/weppessophrologie.fr\/index.php\/wp-json\/wp\/v2\/media?parent=109"}],"curies":[{"name":"wp","href":"https:\/\/api.w.org\/{rel}","templated":true}]}}