{"id":59,"date":"2021-03-03T09:10:50","date_gmt":"2021-03-03T08:10:50","guid":{"rendered":"http:\/\/weppessophrologie.fr\/?page_id=59"},"modified":"2022-02-26T15:37:58","modified_gmt":"2022-02-26T14:37:58","slug":"presentation-2","status":"publish","type":"page","link":"https:\/\/weppessophrologie.fr\/index.php\/presentation-2\/","title":{"rendered":"La sophrologie, pour qui ? pour quoi ?"},"content":{"rendered":"<p>[et_pb_section fb_built=\u00a0\u00bb1&Prime; _builder_version=\u00a0\u00bb3.3.1&Prime; custom_padding=\u00a0\u00bb13px|0px|17px|0px|false|false\u00a0\u00bb][et_pb_row custom_padding=\u00a0\u00bb0|0px|0|0px|false|false\u00a0\u00bb _builder_version=\u00a0\u00bb3.3.1&Prime;][et_pb_column type=\u00a0\u00bb4_4&Prime; _builder_version=\u00a0\u00bb3.3.1&Prime; parallax=\u00a0\u00bboff\u00a0\u00bb parallax_method=\u00a0\u00bbon\u00a0\u00bb][et_pb_image src=\u00a0\u00bbhttps:\/\/weppessophrologie.fr\/wp-content\/uploads\/2021\/03\/Bulles.jpg\u00a0\u00bb _builder_version=\u00a0\u00bb3.3.1&Prime;][\/et_pb_image][\/et_pb_column][\/et_pb_row][et_pb_row custom_padding=\u00a0\u00bb26px|0px|9px|0px|false|false\u00a0\u00bb _builder_version=\u00a0\u00bb3.3.1&Prime;][et_pb_column type=\u00a0\u00bb4_4&Prime; _builder_version=\u00a0\u00bb3.3.1&Prime; parallax=\u00a0\u00bboff\u00a0\u00bb parallax_method=\u00a0\u00bbon\u00a0\u00bb][et_pb_text _builder_version=\u00a0\u00bb3.3.1&Prime; custom_padding=\u00a0\u00bb|15px||15px\u00a0\u00bb]<\/p>\n<h1><strong>La sophrologie, pour qui ? pour quoi ?<\/strong><\/h1>\n<p>[\/et_pb_text][\/et_pb_column][\/et_pb_row][et_pb_row custom_padding=\u00a0\u00bb14px|0px|0|0px|false|false\u00a0\u00bb _builder_version=\u00a0\u00bb3.3.1&Prime;][et_pb_column type=\u00a0\u00bb1_2&Prime; _builder_version=\u00a0\u00bb3.3.1&Prime; parallax=\u00a0\u00bboff\u00a0\u00bb parallax_method=\u00a0\u00bbon\u00a0\u00bb][et_pb_text _builder_version=\u00a0\u00bb3.3.1&Prime; header_font=\u00a0\u00bb||||||||\u00a0\u00bb header_2_font=\u00a0\u00bb||||||||\u00a0\u00bb header_2_font_size=\u00a0\u00bb20px\u00a0\u00bb header_3_font=\u00a0\u00bb||||on||||solid\u00a0\u00bb header_3_text_color=\u00a0\u00bb#6a543f\u00a0\u00bb header_3_font_size=\u00a0\u00bb21px\u00a0\u00bb border_radii=\u00a0\u00bbon|1px|1px|1px|1px\u00a0\u00bb border_color_all=\u00a0\u00bb#7cda24&Prime; custom_padding=\u00a0\u00bb15px|15px||15px\u00a0\u00bb]<\/p>\n<h3><span style=\"text-decoration: underline;\"><strong>Pour qui ?<\/strong><\/span><\/h3>\n<p style=\"text-align: justify;\">Particuliers, entreprises, associations, \u00e9coles, EHPAD\u2026<\/p>\n<p style=\"text-align: justify;\">La pratique est ouverte \u00e0 tous d\u00e8s l\u2019\u00e2ge de 5\/6 ans sans conditions physiques :<\/p>\n<ul>\n<li style=\"text-align: justify;\">enfants, adolescents, \u00e9tudiants<\/li>\n<li style=\"text-align: justify;\">adultes, femmes enceintes, sportifs, artistes, couple<\/li>\n<li style=\"text-align: justify;\">s\u00e9niors<\/li>\n<li style=\"text-align: justify;\">en famille<\/li>\n<\/ul>\n<p>[\/et_pb_text][et_pb_text _builder_version=\u00a0\u00bb3.3.1&Prime; background_color=\u00a0\u00bb#c9e3cc\u00a0\u00bb custom_margin=\u00a0\u00bb0px|||\u00a0\u00bb custom_padding=\u00a0\u00bb15px|15px|15px|15px\u00a0\u00bb]<\/p>\n<p style=\"text-align: justify;\"><strong>Quelques mots pour les s\u00e9ances enfants :<\/strong><\/p>\n<p style=\"text-align: justify;\">La sophrologie chez l\u2019enfant va se vivre de mani\u00e8re plus ludique, sous forme de jeux, d\u2019exercices plus courts, de contes\u2026<\/p>\n<p>[\/et_pb_text][\/et_pb_column][et_pb_column type=\u00a0\u00bb1_2&Prime; _builder_version=\u00a0\u00bb3.3.1&Prime; parallax=\u00a0\u00bboff\u00a0\u00bb parallax_method=\u00a0\u00bbon\u00a0\u00bb][et_pb_text _builder_version=\u00a0\u00bb3.3.1&Prime; header_font=\u00a0\u00bb||||||||\u00a0\u00bb header_3_font=\u00a0\u00bb||||on||||\u00a0\u00bb header_3_text_color=\u00a0\u00bb#6a543f\u00a0\u00bb header_3_font_size=\u00a0\u00bb21px\u00a0\u00bb custom_padding=\u00a0\u00bb15px|15px|0px|15px\u00a0\u00bb]<\/p>\n<h3 style=\"text-align: justify;\"><span style=\"text-decoration: underline;\"><strong>Pour quoi ?<\/strong><\/span><\/h3>\n<p style=\"text-align: justify;\">J\u2019accompagne des personnes tr\u00e8s diff\u00e9rentes mais qui ont toutes un point commun : l\u2019envie de prendre soin d\u2019elles pour mieux vivre leur vie.<\/p>\n<p style=\"text-align: justify;\">Les bienfaits de la sophrologie sont nombreux.<\/p>\n<p style=\"text-align: justify;\">Tout d\u00e9pend de votre objectif :<\/p>\n<ul>\n<li>en pr\u00e9vention, pour maintenir une bonne sant\u00e9<\/li>\n<li>apprendre \u00e0 se poser tout simplement<\/li>\n<li>d\u00e9velopper s\u00e9r\u00e9nit\u00e9 et mieux-\u00eatre<\/li>\n<\/ul>\n<p>[\/et_pb_text][et_pb_text _builder_version=\u00a0\u00bb3.3.1&Prime; custom_padding=\u00a0\u00bb|15px||15px\u00a0\u00bb]<\/p>\n<ul>\n<li>g\u00e9rer ses \u00e9motions, son stress<\/li>\n<li>renforcer les attitudes positives au quotidien<\/li>\n<li>d\u00e9velopper et renforcer ses capacit\u00e9s et valeurs<\/li>\n<li>am\u00e9liorer la qualit\u00e9 de sommeil<\/li>\n<li>mieux accueillir et mieux vivre la douleur<\/li>\n<li>d\u00e9velopper confiance en soi<\/li>\n<li>\u00eatre accompagn\u00e9 face \u00e0 un \u00e9v\u00e9nement difficile (deuil, maladie, divorce, d\u00e9pression, burn out\u2026)<\/li>\n<li>se pr\u00e9parer \u00e0 un examen, \u00e0 un entretien ou tout autre \u00e9v\u00e9nement \u00e0 venir.<\/li>\n<li>se pr\u00e9parer \u00e0 la naissance<\/li>\n<li>am\u00e9liorer son attention, sa concentration\u2026.<\/li>\n<\/ul>\n<p>[\/et_pb_text][\/et_pb_column][\/et_pb_row][et_pb_row _builder_version=\u00a0\u00bb3.3.1&Prime;][et_pb_column type=\u00a0\u00bb4_4&Prime; _builder_version=\u00a0\u00bb3.3.1&Prime; parallax=\u00a0\u00bboff\u00a0\u00bb parallax_method=\u00a0\u00bbon\u00a0\u00bb][et_pb_text _builder_version=\u00a0\u00bb3.3.1&Prime;]<\/p>\n<p style=\"text-align: justify;\"><strong>La sophrologie ne se substitue en aucun cas \u00e0 un traitement ou \u00e0 un suivi m\u00e9dical et\/ou psychologique. <\/strong><br \/> <strong>Je n\u2019\u00e9tablis aucun diagnostic, ni interf\u00e8re dans les traitements en cours.<\/strong><\/p>\n<p>[\/et_pb_text][\/et_pb_column][\/et_pb_row][\/et_pb_section][et_pb_section fb_built=\u00a0\u00bb1&Prime; _builder_version=\u00a0\u00bb3.3.1&Prime; background_color=\u00a0\u00bb#b0b9a8&Prime; custom_padding=\u00a0\u00bb0|0px|0|0px|false|false\u00a0\u00bb][et_pb_row custom_padding=\u00a0\u00bb12px|0px|10px|0px|false|false\u00a0\u00bb _builder_version=\u00a0\u00bb3.3.1&Prime;][et_pb_column type=\u00a0\u00bb4_4&Prime; _builder_version=\u00a0\u00bb3.3.1&Prime; parallax=\u00a0\u00bboff\u00a0\u00bb parallax_method=\u00a0\u00bbon\u00a0\u00bb][et_pb_image src=\u00a0\u00bbhttps:\/\/weppessophrologie.fr\/wp-content\/uploads\/2022\/01\/Gabarit-Bandeau-Contact3-Petit.gif\u00a0\u00bb url=\u00a0\u00bbhttps:\/\/weppessophrologie.fr\/index.php\/contacts\/\u00a0\u00bb _builder_version=\u00a0\u00bb3.3.1&Prime; max_width=\u00a0\u00bb40%\u00a0\u00bb][\/et_pb_image][\/et_pb_column][\/et_pb_row][\/et_pb_section]<\/p>\n","protected":false},"excerpt":{"rendered":"<p>[et_pb_section fb_built=\u00a0\u00bb1&Prime; _builder_version=\u00a0\u00bb3.3.1&Prime; custom_padding=\u00a0\u00bb13px|0px|17px|0px|false|false\u00a0\u00bb][et_pb_row custom_padding=\u00a0\u00bb0|0px|0|0px|false|false\u00a0\u00bb _builder_version=\u00a0\u00bb3.3.1&Prime;][et_pb_column type=\u00a0\u00bb4_4&Prime; _builder_version=\u00a0\u00bb3.3.1&Prime; parallax=\u00a0\u00bboff\u00a0\u00bb parallax_method=\u00a0\u00bbon\u00a0\u00bb][et_pb_image src=\u00a0\u00bbhttps:\/\/weppessophrologie.fr\/wp-content\/uploads\/2021\/03\/Bulles.jpg\u00a0\u00bb _builder_version=\u00a0\u00bb3.3.1&Prime;][\/et_pb_image][\/et_pb_column][\/et_pb_row][et_pb_row custom_padding=\u00a0\u00bb26px|0px|9px|0px|false|false\u00a0\u00bb _builder_version=\u00a0\u00bb3.3.1&Prime;][et_pb_column type=\u00a0\u00bb4_4&Prime; _builder_version=\u00a0\u00bb3.3.1&Prime; parallax=\u00a0\u00bboff\u00a0\u00bb parallax_method=\u00a0\u00bbon\u00a0\u00bb][et_pb_text _builder_version=\u00a0\u00bb3.3.1&Prime; custom_padding=\u00a0\u00bb|15px||15px\u00a0\u00bb] La sophrologie, pour qui ? pour quoi ? [\/et_pb_text][\/et_pb_column][\/et_pb_row][et_pb_row custom_padding=\u00a0\u00bb14px|0px|0|0px|false|false\u00a0\u00bb _builder_version=\u00a0\u00bb3.3.1&Prime;][et_pb_column type=\u00a0\u00bb1_2&Prime; _builder_version=\u00a0\u00bb3.3.1&Prime; parallax=\u00a0\u00bboff\u00a0\u00bb parallax_method=\u00a0\u00bbon\u00a0\u00bb][et_pb_text _builder_version=\u00a0\u00bb3.3.1&Prime; header_font=\u00a0\u00bb||||||||\u00a0\u00bb header_2_font=\u00a0\u00bb||||||||\u00a0\u00bb header_2_font_size=\u00a0\u00bb20px\u00a0\u00bb header_3_font=\u00a0\u00bb||||on||||solid\u00a0\u00bb header_3_text_color=\u00a0\u00bb#6a543f\u00a0\u00bb header_3_font_size=\u00a0\u00bb21px\u00a0\u00bb border_radii=\u00a0\u00bbon|1px|1px|1px|1px\u00a0\u00bb border_color_all=\u00a0\u00bb#7cda24&Prime; custom_padding=\u00a0\u00bb15px|15px||15px\u00a0\u00bb] Pour qui ? Particuliers, entreprises, associations, \u00e9coles, EHPAD\u2026 La pratique [&hellip;]<\/p>\n","protected":false},"author":1,"featured_media":0,"parent":0,"menu_order":0,"comment_status":"closed","ping_status":"closed","template":"","meta":{"footnotes":""},"_links":{"self":[{"href":"https:\/\/weppessophrologie.fr\/index.php\/wp-json\/wp\/v2\/pages\/59"}],"collection":[{"href":"https:\/\/weppessophrologie.fr\/index.php\/wp-json\/wp\/v2\/pages"}],"about":[{"href":"https:\/\/weppessophrologie.fr\/index.php\/wp-json\/wp\/v2\/types\/page"}],"author":[{"embeddable":true,"href":"https:\/\/weppessophrologie.fr\/index.php\/wp-json\/wp\/v2\/users\/1"}],"replies":[{"embeddable":true,"href":"https:\/\/weppessophrologie.fr\/index.php\/wp-json\/wp\/v2\/comments?post=59"}],"version-history":[{"count":27,"href":"https:\/\/weppessophrologie.fr\/index.php\/wp-json\/wp\/v2\/pages\/59\/revisions"}],"predecessor-version":[{"id":698,"href":"https:\/\/weppessophrologie.fr\/index.php\/wp-json\/wp\/v2\/pages\/59\/revisions\/698"}],"wp:attachment":[{"href":"https:\/\/weppessophrologie.fr\/index.php\/wp-json\/wp\/v2\/media?parent=59"}],"curies":[{"name":"wp","href":"https:\/\/api.w.org\/{rel}","templated":true}]}}